{"id":160,"date":"2012-07-15T17:39:32","date_gmt":"2012-07-15T15:39:32","guid":{"rendered":"http:\/\/delph-in-cook.fr\/?page_id=160"},"modified":"2012-07-17T21:51:26","modified_gmt":"2012-07-17T19:51:26","slug":"bienvenue","status":"publish","type":"page","link":"https:\/\/delph-in-cook.fr\/","title":{"rendered":"Bienvenue"},"content":{"rendered":"<p>Bienvenue chez Delph In Cook.<\/p>\n<p>Je pense que la cuisine est un Art et que les Arts sont faits pour rapprocher les personnes. <\/p>\n<p>C\u2019est un  moyen de partager, de m\u00e9langer les cultures.<\/p>\n<p>Cuisiner doit \u00eatre et doit rester un plaisir, une envie de cr\u00e9er et d\u2019inventer.<\/p>\n<p>Vous trouverez ici des recettes pour tout le monde, le plus souvent  faciles,  simples et  gourmandes.<\/p>\n<p>Des sucr\u00e9es, des sal\u00e9es, des sucr\u00e9es-sal\u00e9es  pour la famille, pour les amoureux, les amis de passage, pour les petites, moyennes  et grandes occasions.<\/p>\n\n\t\t\t\t<div class=\"mr_social_sharing_wrapper\">\n\t\t\t\t<!-- Social Sharing Toolkit v2.2 --><span class=\"mr_social_sharing\"><a class=\"mr_social_share_facebook\" href=\"\/\/www.facebook.com\/sharer\/sharer.php?u=https%3A%2F%2Fdelph-in-cook.fr%2F&amp;t=Bienvenue\" class=\"mr_social_sharing_popup_link\"><img decoding=\"async\" src=\"https:\/\/delph-in-cook.fr\/wp-content\/plugins\/social-sharing-toolkit\/images\/icons_medium\/facebook.png\" class=\"nopin\" alt=\"Share on Facebook\" title=\"Share on Facebook\"\/><\/a><\/span><span class=\"mr_social_sharing\"><div class=\"g-plusone\" data-size=\"medium\" data-annotation=\"none\" data-href=\"https:\/\/delph-in-cook.fr\/\"><\/div><\/span><span class=\"mr_social_sharing\"><a class=\"mr_social_share_myspace\" href=\"http:\/\/www.myspace.com\/Modules\/PostTo\/Pages\/?t=Bienvenue&amp;u=https%3A%2F%2Fdelph-in-cook.fr%2F\" class=\"mr_social_sharing_popup_link\"><img decoding=\"async\" src=\"https:\/\/delph-in-cook.fr\/wp-content\/plugins\/social-sharing-toolkit\/images\/icons_medium\/myspace.png\" class=\"nopin\" alt=\"Share on Myspace\" title=\"Share on Myspace\"\/><\/a><\/span><span class=\"mr_social_sharing\"><a rel=\"nofollow\" class=\"linksalpha_button linksalpha_link\" href=\"\/\/www.linksalpha.com\/social\/mobile\" data-url=\"https:\/\/delph-in-cook.fr\/\" data-text=\"Bienvenue\" data-desc=\"Bienvenue chez Delph In Cook. Je pense que la cuisine est un Art et que les Arts sont faits pour rapprocher les personnes. C\u2019est un moyen de partager, de m\u00e9langer les cultures. Cuisiner doit \u00eatre et doit rester un plaisir, une envie de cr\u00e9er et d\u2019inventer. Vous trouverez ici des recettes pour\" data-image=\"\" data-button=\"\">\n\t\t\t\t\t<img decoding=\"async\" src=\"\/\/www.linksalpha.com\/images\/social_share_button.png\" alt=\"Share\" class=\"linksalpha_image\" \/>\n\t\t\t\t\t<\/a><script type=\"text\/javascript\" src=\"\/\/www.linksalpha.com\/scripts\/loader_iconbox.js?v=2.4\"><\/script><\/span><\/div>","protected":false},"excerpt":{"rendered":"<p>Bienvenue chez Delph In Cook. Je pense que la cuisine est un Art et que les Arts sont faits pour rapprocher les personnes. C\u2019est un moyen de partager, de m\u00e9langer les cultures. Cuisiner doit \u00eatre et doit rester un plaisir, une envie de cr\u00e9er et d\u2019inventer. Vous trouverez ici des recettes pour tout le monde,<a class=\"rmore\" href=\"https:\/\/delph-in-cook.fr\/\">&nbsp;&nbsp; Read More &#8230;<\/a><\/p>\n\n\t\t\t\t<div class=\"mr_social_sharing_wrapper\">\n\t\t\t\t<!-- Social Sharing Toolkit v2.2 --><span class=\"mr_social_sharing\"><a class=\"mr_social_share_facebook\" href=\"\/\/www.facebook.com\/sharer\/sharer.php?u=https%3A%2F%2Fdelph-in-cook.fr%2F&amp;t=Bienvenue\" class=\"mr_social_sharing_popup_link\"><img decoding=\"async\" src=\"https:\/\/delph-in-cook.fr\/wp-content\/plugins\/social-sharing-toolkit\/images\/icons_medium\/facebook.png\" class=\"nopin\" alt=\"Share on Facebook\" title=\"Share on Facebook\"\/><\/a><\/span><span class=\"mr_social_sharing\"><div class=\"g-plusone\" data-size=\"medium\" data-annotation=\"none\" data-href=\"https:\/\/delph-in-cook.fr\/\"><\/div><\/span><span class=\"mr_social_sharing\"><a class=\"mr_social_share_myspace\" href=\"http:\/\/www.myspace.com\/Modules\/PostTo\/Pages\/?t=Bienvenue&amp;u=https%3A%2F%2Fdelph-in-cook.fr%2F\" class=\"mr_social_sharing_popup_link\"><img decoding=\"async\" src=\"https:\/\/delph-in-cook.fr\/wp-content\/plugins\/social-sharing-toolkit\/images\/icons_medium\/myspace.png\" class=\"nopin\" alt=\"Share on Myspace\" title=\"Share on Myspace\"\/><\/a><\/span><span class=\"mr_social_sharing\"><a rel=\"nofollow\" class=\"linksalpha_button linksalpha_link\" href=\"\/\/www.linksalpha.com\/social\/mobile\" data-url=\"https:\/\/delph-in-cook.fr\/\" data-text=\"Bienvenue\" data-desc=\"Bienvenue chez Delph In Cook. Je pense que la cuisine est un Art et que les Arts sont faits pour rapprocher les personnes. C\u2019est un moyen de partager, de m\u00e9langer les cultures. Cuisiner doit \u00eatre et doit rester un plaisir, une envie de cr\u00e9er et d\u2019inventer. Vous trouverez ici des recettes pour\" data-image=\"\" data-button=\"\">\n\t\t\t\t\t<img decoding=\"async\" src=\"\/\/www.linksalpha.com\/images\/social_share_button.png\" alt=\"Share\" class=\"linksalpha_image\" \/>\n\t\t\t\t\t<\/a><script type=\"text\/javascript\" src=\"\/\/www.linksalpha.com\/scripts\/loader_iconbox.js?v=2.4\"><\/script><\/span><\/div>","protected":false},"author":2,"featured_media":0,"parent":0,"menu_order":0,"comment_status":"open","ping_status":"open","template":"full-page.php","meta":{"jetpack_post_was_ever_published":false,"footnotes":""},"class_list":["post-160","page","type-page","status-publish","hentry"],"jetpack_sharing_enabled":true,"jetpack_shortlink":"https:\/\/wp.me\/P3Adwb-2A","_links":{"self":[{"href":"https:\/\/delph-in-cook.fr\/index.php?rest_route=\/wp\/v2\/pages\/160","targetHints":{"allow":["GET"]}}],"collection":[{"href":"https:\/\/delph-in-cook.fr\/index.php?rest_route=\/wp\/v2\/pages"}],"about":[{"href":"https:\/\/delph-in-cook.fr\/index.php?rest_route=\/wp\/v2\/types\/page"}],"author":[{"embeddable":true,"href":"https:\/\/delph-in-cook.fr\/index.php?rest_route=\/wp\/v2\/users\/2"}],"replies":[{"embeddable":true,"href":"https:\/\/delph-in-cook.fr\/index.php?rest_route=%2Fwp%2Fv2%2Fcomments&post=160"}],"version-history":[{"count":6,"href":"https:\/\/delph-in-cook.fr\/index.php?rest_route=\/wp\/v2\/pages\/160\/revisions"}],"predecessor-version":[{"id":165,"href":"https:\/\/delph-in-cook.fr\/index.php?rest_route=\/wp\/v2\/pages\/160\/revisions\/165"}],"wp:attachment":[{"href":"https:\/\/delph-in-cook.fr\/index.php?rest_route=%2Fwp%2Fv2%2Fmedia&parent=160"}],"curies":[{"name":"wp","href":"https:\/\/api.w.org\/{rel}","templated":true}]}}